{"id":165,"date":"2023-03-19T15:09:52","date_gmt":"2023-03-19T13:09:52","guid":{"rendered":"https:\/\/www.nicolaedonita.ro\/?page_id=165"},"modified":"2024-11-18T04:06:58","modified_gmt":"2024-11-18T02:06:58","slug":"maintenance","status":"publish","type":"page","link":"https:\/\/www.nicolaedonita.ro\/en\/maintenance\/","title":{"rendered":"Maintenance"},"content":{"rendered":"<section class=\"l-section wpb_row hero hide_on_tablets hide_on_mobiles height_large full_height valign_top with_img\"><div class=\"l-section-img\" role=\"img\" data-img-width=\"1045\" data-img-height=\"905\" style=\"background-image: url(https:\/\/www.nicolaedonita.ro\/wp-content\/uploads\/2023\/03\/nd2.png);background-position: top right;background-repeat: no-repeat;background-size: auto;\"><\/div><div class=\"l-section-h i-cf\"><div class=\"g-cols vc_row via_flex valign_top type_default stacking_default\"><div class=\"vc_col-sm-6 wpb_column vc_column_container\"><div class=\"vc_column-inner\"><div class=\"wpb_wrapper\"><div class=\"w-image us_custom_4f24afa8 align_none\"><div class=\"w-image-h\"><img decoding=\"async\" width=\"492\" height=\"100\" src=\"https:\/\/www.nicolaedonita.ro\/wp-content\/uploads\/2023\/03\/logo.png\" class=\"attachment-large size-large\" alt=\"\" loading=\"lazy\" \/><\/div><\/div><div class=\"w-text us_custom_f86b4288 notice has_text_color\"><span class=\"w-text-h\"><span class=\"w-text-value\">\u00cen cur\u00e2nd aici mai multe informa\u021bii despre Prof. Dr. Nicolae Doni\u021b\u0103 \u0219i lucr\u0103rile sale.<\/span><\/span><\/div><div class=\"wpb_text_column us_custom_6df4bc3a has_text_color with_collapsible_content\" data-content-height=\"450px\"><div class=\"wpb_wrapper\"><p>Cartografierea vegeta\u0163iei este activitatea definitorie a omului de \u015ftiin\u0163\u0103 Nicolae Doni\u0163\u0103, considerat cel mai important \u015fi prolific autor de h\u0103r\u0163i ale vegeta\u0163iei, cu prec\u0103dere ale vegeta\u0163iei forestiere, pe plan na\u0163ional, recunoscut \u015fi apreciat \u015fi pe plan european. Aceast\u0103 activitate se \u00eentinde pe durata a peste 50 de ani. A elaborat, pe parcursul carierei, un num\u0103r de 15 h\u0103r\u0163i cu con\u0163inut geobotanic, fitocenologic, ecosistemic, arealistic.<\/p>\n<p>Clasificarea tipologic\u0103 a p\u0103durilor \u015fi fitocenologia sunt str\u00e2ns legate de activitatea de cartografiere a vegeta\u0163iei sunt \u015fi cercet\u0103rile privind zonarea \u015fi regionarea vegeta\u0163iei \u015fi \u00eencadrarea tipologic\u0103 a p\u0103durilor. Primele cercet\u0103ri desf\u0103\u015furate de c\u0103tre Nicolae Doni\u0163\u0103 privind zonele \u015fi etajele de vegeta\u0163ie din Rom\u00e2nia sunt publicate \u00een 1963, sistemul de clasificare propus cu acest prilej fiind preluat apoi \u015fi de al\u0163i autori, \u00een numeroase lucr\u0103ri, inclusiv \u00een clasificarea sta\u0163iunilor forestiere, \u00een activitatea de amenajare a p\u0103durilor. \u00cen deceniul 1980-1990, coordoneaz\u0103 un colectiv larg de speciali\u015fti, din mai multe institu\u0163ii (ICAS, Universitatea Transilvania din Bra\u015fov, Institutul de Biologie al Academiei Rom\u00e2ne, ICPA), \u00een cadrul unui proiect care a vizat \u00eencadrarea tipologic\u0103 a p\u0103durilor, pe baze ecosistemice. Au fost descrise \u00een detaliu un num\u0103r de 152 tipuri de ecosisteme forestiere (Tipuri de ecosisteme forestiere din Rom\u00e2nia, 1990). Ulterior, pe baza acestor cercet\u0103ri, a fost elaborat\u0103 baza de date geospa\u0163ial\u0103 a p\u0103durilor \u015fi Harta digital\u0103 a p\u0103durilor Rom\u00e2niei (pe unit\u0103\u0163i ecosistemice), o realizare major\u0103 a cercet\u0103rii \u015ftiin\u0163ifice silvice din acest deceniu.<\/p>\n<p>Ecologia forestiera a reprezentat o alta arie de interes inca de la inceputul carierei stiintifice. A elaborat primul tratat de ,,Ecologie Forestier\u0103\u201c de la noi, ca prim autor (\u00een colaborare cu al\u0163i speciali\u015fti, 1978), iar \u00een 1997, tratatul ,,Silvicultura pe baze ecosistemice\u201c (\u00een colaborare cu al\u0163i speciali\u015fti). Aceste lucr\u0103ri au contribuit la educarea \u00een spirit ecologic a silvicultorilor cre\u00e2nd premise pentru \u00een\u0163elegerea complexit\u0103\u0163ii p\u0103durii \u015fi a ecologiz\u0103rii silviculturii.<\/p>\n<p>Conservarea biodiversit\u0103\u0163ii \u015fi arii protejate. A publicat lucr\u0103ri \u015ftiin\u0163ifice fundamentale cu privire la evaluarea \u015fi conservarea diversit\u0103\u0163ii biologice a p\u0103durilor (Probleme actuale ale conserv\u0103rii genofondului \u015fi ecofondului, 1980; Ecological decline of spruce forest ecoszstems in the Carpathians, 1994; Some remarcks on scientific reserves and nature protection, 1994; Les for\u00eats vierges de Roumanie, 2001; Conservarea p\u0103durilor virgine, 2004; etc.). A elaborat \u015fi publicat numeroase lucr\u0103ri de educa\u0163ie ecologic\u0103, con\u015ftientizare public\u0103, diseminare cu privire al diversitatea biologic\u0103 a Rom\u00e2niei, a p\u0103durilor rom\u00e2ne\u015fti cu prec\u0103dere, \u015fi la conservarea acesteia.<\/p>\n<p>A colaborat la elaborarea studiilor de fundamentare pentru constituirea re\u0163elei na\u0163ionale de arii protejate (este vorba de primele 13 na\u0163ionale \u015fi naturale declarate dup\u0103 1990). Prin activitatea pe care a desf\u0103\u015furat-o \u00een acest domeniu, dl. Nicolae Doni\u0163\u0103 a militat cu consecven\u0163\u0103 pentru o utilizare ra\u0163ional\u0103 a biodiversit\u0103\u0163ii, pentru crearea unei re\u0163ele na\u0163ionale func\u0163ionale de arii protejate, sus\u0163in\u00e2nd c\u0103 nu doar existen\u0163a noastr\u0103 depinde de p\u0103dure, ci \u015fi c\u0103 soarta p\u0103durii depinde de aten\u0163ia pe care i-o acord\u0103m.<\/p>\n<\/div><div class=\"toggle-links align_none\"><button class=\"collapsible-content-more\">Cite\u0219te mai departe<\/button><button class=\"collapsible-content-less\">\u00cenchide<\/button><\/div><\/div><\/div><\/div><\/div><div class=\"vc_col-sm-6 wpb_column vc_column_container\"><div class=\"vc_column-inner\"><div class=\"wpb_wrapper\"><\/div><\/div><\/div><\/div><\/div><\/section><!-- Row Backgrounds --><div class=\"upb_color\" data-bg-override=\"0\" data-bg-color=\"#5f676f\" data-fadeout=\"\" data-fadeout-percentage=\"30\" data-parallax-content=\"\" data-parallax-content-sense=\"30\" data-row-effect-mobile-disable=\"true\" data-img-parallax-mobile-disable=\"true\" data-rtl=\"false\"  data-custom-vc-row=\"\"  data-vc=\"7.9\"  data-is_old_vc=\"\"  data-theme-support=\"\"   data-overlay=\"false\" data-overlay-color=\"\" data-overlay-pattern=\"\" data-overlay-pattern-opacity=\"\" data-overlay-pattern-size=\"\"    ><\/div><section class=\"l-section wpb_row hide_on_default hide_on_laptops height_large full_height valign_top\"><div class=\"l-section-h i-cf\"><div class=\"g-cols vc_row via_flex valign_top type_default stacking_default\"><div class=\"vc_col-sm-12 wpb_column vc_column_container\"><div class=\"vc_column-inner\"><div class=\"wpb_wrapper\"><div class=\"w-image align_center\"><div class=\"w-image-h\"><img decoding=\"async\" width=\"1045\" height=\"905\" src=\"https:\/\/www.nicolaedonita.ro\/wp-content\/uploads\/2023\/03\/nd2.png\" class=\"attachment-large size-large\" alt=\"\" loading=\"lazy\" srcset=\"https:\/\/www.nicolaedonita.ro\/wp-content\/uploads\/2023\/03\/nd2.png 1045w, https:\/\/www.nicolaedonita.ro\/wp-content\/uploads\/2023\/03\/nd2-900x779.png 900w\" sizes=\"(max-width: 1045px) 100vw, 1045px\" \/><\/div><\/div><div class=\"w-image us_custom_49294ee7 align_center\"><div class=\"w-image-h\"><img decoding=\"async\" width=\"492\" height=\"100\" src=\"https:\/\/www.nicolaedonita.ro\/wp-content\/uploads\/2023\/03\/logo.png\" class=\"attachment-large size-large\" alt=\"\" loading=\"lazy\" \/><\/div><\/div><div class=\"w-separator size_custom\" style=\"height:2.5rem\"><\/div><div class=\"w-text us_custom_f86b4288 notice has_text_color\"><span class=\"w-text-h\"><span class=\"w-text-value\">\u00cen cur\u00e2nd aici mai multe informa\u021bii despre Prof. Dr. Nicolae Doni\u021b\u0103 \u0219i lucr\u0103rile sale.<\/span><\/span><\/div><div class=\"wpb_text_column us_custom_6df4bc3a has_text_color with_collapsible_content\" data-content-height=\"450px\"><div class=\"wpb_wrapper\"><p>Cartografierea vegeta\u0163iei este activitatea definitorie a omului de \u015ftiin\u0163\u0103 Nicolae Doni\u0163\u0103, considerat cel mai important \u015fi prolific autor de h\u0103r\u0163i ale vegeta\u0163iei, cu prec\u0103dere ale vegeta\u0163iei forestiere, pe plan na\u0163ional, recunoscut \u015fi apreciat \u015fi pe plan european. Aceast\u0103 activitate se \u00eentinde pe durata a peste 50 de ani. A elaborat, pe parcursul carierei, un num\u0103r de 15 h\u0103r\u0163i cu con\u0163inut geobotanic, fitocenologic, ecosistemic, arealistic.<\/p>\n<p>Clasificarea tipologic\u0103 a p\u0103durilor \u015fi fitocenologia sunt str\u00e2ns legate de activitatea de cartografiere a vegeta\u0163iei sunt \u015fi cercet\u0103rile privind zonarea \u015fi regionarea vegeta\u0163iei \u015fi \u00eencadrarea tipologic\u0103 a p\u0103durilor. Primele cercet\u0103ri desf\u0103\u015furate de c\u0103tre Nicolae Doni\u0163\u0103 privind zonele \u015fi etajele de vegeta\u0163ie din Rom\u00e2nia sunt publicate \u00een 1963, sistemul de clasificare propus cu acest prilej fiind preluat apoi \u015fi de al\u0163i autori, \u00een numeroase lucr\u0103ri, inclusiv \u00een clasificarea sta\u0163iunilor forestiere, \u00een activitatea de amenajare a p\u0103durilor. \u00cen deceniul 1980-1990, coordoneaz\u0103 un colectiv larg de speciali\u015fti, din mai multe institu\u0163ii (ICAS, Universitatea Transilvania din Bra\u015fov, Institutul de Biologie al Academiei Rom\u00e2ne, ICPA), \u00een cadrul unui proiect care a vizat \u00eencadrarea tipologic\u0103 a p\u0103durilor, pe baze ecosistemice. Au fost descrise \u00een detaliu un num\u0103r de 152 tipuri de ecosisteme forestiere (Tipuri de ecosisteme forestiere din Rom\u00e2nia, 1990). Ulterior, pe baza acestor cercet\u0103ri, a fost elaborat\u0103 baza de date geospa\u0163ial\u0103 a p\u0103durilor \u015fi Harta digital\u0103 a p\u0103durilor Rom\u00e2niei (pe unit\u0103\u0163i ecosistemice), o realizare major\u0103 a cercet\u0103rii \u015ftiin\u0163ifice silvice din acest deceniu.<\/p>\n<p>Ecologia forestiera a reprezentat o alta arie de interes inca de la inceputul carierei stiintifice. A elaborat primul tratat de ,,Ecologie Forestier\u0103\u201c de la noi, ca prim autor (\u00een colaborare cu al\u0163i speciali\u015fti, 1978), iar \u00een 1997, tratatul ,,Silvicultura pe baze ecosistemice\u201c (\u00een colaborare cu al\u0163i speciali\u015fti). Aceste lucr\u0103ri au contribuit la educarea \u00een spirit ecologic a silvicultorilor cre\u00e2nd premise pentru \u00een\u0163elegerea complexit\u0103\u0163ii p\u0103durii \u015fi<br \/>\na ecologiz\u0103rii silviculturii.<\/p>\n<p>Conservarea biodiversit\u0103\u0163ii \u015fi arii protejate. A publicat lucr\u0103ri \u015ftiin\u0163ifice fundamentale cu privire la evaluarea \u015fi conservarea diversit\u0103\u0163ii biologice a p\u0103durilor (Probleme actuale ale conserv\u0103rii genofondului \u015fi ecofondului, 1980; Ecological decline of spruce forest ecoszstems in the Carpathians, 1994; Some remarcks on scientific reserves and nature protection, 1994; Les for\u00eats vierges de Roumanie, 2001; Conservarea p\u0103durilor virgine, 2004; etc.). A elaborat \u015fi publicat numeroase lucr\u0103ri de educa\u0163ie ecologic\u0103, con\u015ftientizare public\u0103, diseminare cu privire al diversitatea biologic\u0103 a Rom\u00e2niei, a p\u0103durilor rom\u00e2ne\u015fti cu prec\u0103dere, \u015fi la conservarea acesteia.<br \/>\nA colaborat la elaborarea studiilor de fundamentare pentru constituirea re\u0163elei na\u0163ionale de arii protejate (este vorba de primele 13 na\u0163ionale \u015fi naturale declarate dup\u0103 1990). Prin activitatea pe care a desf\u0103\u015furat-o \u00een acest domeniu, dl. Nicolae Doni\u0163\u0103 a militat cu consecven\u0163\u0103 pentru o utilizare ra\u0163ional\u0103 a biodiversit\u0103\u0163ii, pentru crearea unei re\u0163ele na\u0163ionale func\u0163ionale de arii protejate, sus\u0163in\u00e2nd c\u0103 nu doar existen\u0163a noastr\u0103 depinde de p\u0103dure, ci \u015fi c\u0103 soarta p\u0103durii depinde de aten\u0163ia pe care i-o acord\u0103m.<\/p>\n<\/div><div class=\"toggle-links align_none\"><button class=\"collapsible-content-more\">Cite\u0219te mai departe<\/button><button class=\"collapsible-content-less\">\u00cenchide<\/button><\/div><\/div><\/div><\/div><\/div><\/div><\/div><\/section><!-- Row Backgrounds --><div class=\"upb_color\" data-bg-override=\"0\" data-bg-color=\"#5f676f\" data-fadeout=\"\" data-fadeout-percentage=\"30\" data-parallax-content=\"\" data-parallax-content-sense=\"30\" data-row-effect-mobile-disable=\"true\" data-img-parallax-mobile-disable=\"true\" data-rtl=\"false\"  data-custom-vc-row=\"\"  data-vc=\"7.9\"  data-is_old_vc=\"\"  data-theme-support=\"\"   data-overlay=\"false\" data-overlay-color=\"\" data-overlay-pattern=\"\" data-overlay-pattern-opacity=\"\" data-overlay-pattern-size=\"\"    ><\/div>\n","protected":false},"excerpt":{"rendered":"\u00cen cur\u00e2nd aici mai multe informa\u021bii despre Prof. Dr. Nicolae Doni\u021b\u0103 \u0219i lucr\u0103rile sale.Cartografierea vegeta\u0163iei este activitatea definitorie a omului de \u015ftiin\u0163\u0103 Nicolae Doni\u0163\u0103, considerat cel mai important \u015fi prolific autor de h\u0103r\u0163i ale vegeta\u0163iei, cu prec\u0103dere ale vegeta\u0163iei forestiere, pe plan na\u0163ional, recunoscut \u015fi apreciat \u015fi pe plan european. Aceast\u0103 activitate se \u00eentinde pe...","protected":false},"author":1,"featured_media":0,"parent":0,"menu_order":0,"comment_status":"closed","ping_status":"closed","template":"","meta":{"footnotes":""},"class_list":["post-165","page","type-page","status-publish","hentry"],"_links":{"self":[{"href":"https:\/\/www.nicolaedonita.ro\/en\/wp-json\/wp\/v2\/pages\/165"}],"collection":[{"href":"https:\/\/www.nicolaedonita.ro\/en\/wp-json\/wp\/v2\/pages"}],"about":[{"href":"https:\/\/www.nicolaedonita.ro\/en\/wp-json\/wp\/v2\/types\/page"}],"author":[{"embeddable":true,"href":"https:\/\/www.nicolaedonita.ro\/en\/wp-json\/wp\/v2\/users\/1"}],"replies":[{"embeddable":true,"href":"https:\/\/www.nicolaedonita.ro\/en\/wp-json\/wp\/v2\/comments?post=165"}],"version-history":[{"count":1,"href":"https:\/\/www.nicolaedonita.ro\/en\/wp-json\/wp\/v2\/pages\/165\/revisions"}],"predecessor-version":[{"id":166,"href":"https:\/\/www.nicolaedonita.ro\/en\/wp-json\/wp\/v2\/pages\/165\/revisions\/166"}],"wp:attachment":[{"href":"https:\/\/www.nicolaedonita.ro\/en\/wp-json\/wp\/v2\/media?parent=165"}],"curies":[{"name":"wp","href":"https:\/\/api.w.org\/{rel}","templated":true}]}}