{"id":257,"date":"2024-11-18T05:08:51","date_gmt":"2024-11-18T03:08:51","guid":{"rendered":"https:\/\/www.nicolaedonita.ro\/?page_id=257"},"modified":"2024-11-19T11:37:14","modified_gmt":"2024-11-19T09:37:14","slug":"biography","status":"publish","type":"page","link":"https:\/\/www.nicolaedonita.ro\/en\/biography\/","title":{"rendered":"Biography"},"content":{"rendered":"<section class=\"l-section wpb_row height_medium width_custom with_img parallax_fixed\" style=\"--site-content-width:900px;\"><div class=\"l-section-img\" role=\"img\" data-img-width=\"1920\" data-img-height=\"1080\" style=\"background-image: url(https:\/\/www.nicolaedonita.ro\/wp-content\/uploads\/2024\/11\/site_bkg_13.jpg);background-position: top center;background-repeat: no-repeat;background-size: contain;\"><\/div><div class=\"l-section-h i-cf\"><div class=\"g-cols vc_row via_flex valign_top type_default stacking_default\"><div class=\"vc_col-sm-12 wpb_column vc_column_container\"><div class=\"vc_column-inner\"><div class=\"wpb_wrapper\"><div class=\"wpb_text_column us_custom_6187a5cd\"><div class=\"wpb_wrapper\"><p>Nicolae Doni\u0163\u0103 was born in Chi\u015fin\u0103u on November 20, 1929, into a family of intellectuals (his grandfather was a priest in Hiri\u015feni, then in R\u0103ciula, and his father, Boris Doni\u0163\u0103, was a judge and later a lawyer at the C\u0103l\u0103ra\u015fi Court).<\/p>\n<p>He attended primary school in his hometown, and after 1940, when Romania was forced to cede significant parts of its territory with a predominantly Romanian population, he left Bessarabia and sought refuge with his family in the unbroken Romanian territory, where he continued his studies\u2014high school in Turda, and between 1950\u20131955, courses at the Faculty of Forestry of the Forestry Institute in Bra\u015fov. The drama of uprooting was compounded by the danger of being expelled due to his social origin, considered &#8220;unhealthy&#8221; at the time, and fleeing from communism after the Soviet occupation of Bessarabia. He was saved by his college classmates who, knowing and appreciating him, unanimously refused to vote for a discriminatory act in the public session where his expulsion was discussed.<\/p>\n<p>Shortly after graduation, following an internship at OS Sebi\u0219 in Arad County, in 1956, he was employed within the Forestry Collective of the Academy, on the recommendation of one of his professors, a well-known scientist, academician C.C. Georgescu. Here he began his research career under the guidance of Professor Sergiu Pa\u015fcovschi, a renowned researcher who described the types of forests in Romania. In the meantime, the Forestry Collective was integrated into the Biological Research Center, which later became the Institute of Biology of the Academy. The Forestry Collective was integrated into the Ecology Laboratory structure of the Institute. He worked alongside other recognized specialists in the fields of biological and forestry sciences: I. Popescu-Zeletin, Al. Beldie, I. Vlad, C. Chiri\u0163\u0103, Gr. Eliescu, At. Haralamb, Alice S\u0103vulescu, Ana Pauc\u0103, Ev. Soroceanu Pu\u015fcariu, etc.<\/p>\n<p>In 1971, forestry researchers from the Institute of Biology of the Academy were transferred to the Forest Research and Management Institute (ICAS), where a Forest Ecology laboratory was established. He became the head of this laboratory starting in 1975, until his retirement in 1997. He continued his research activities even after retirement, collaborating on numerous research projects conducted within the Forest Ecology Laboratory of ICAS. He obtained the title of Doctor in Agronomy, specializing in Forestry, at the Faculty of Forestry and Forest Exploitation of the University of Brasov, in 1970, with the thesis &#8220;Geobotanical and silvicultural research on the sledges of the Babadag Plateau&#8221;.<\/p>\n<p>He received two professional training scholarships in Germany:<\/p>\n<ul>\n<li>1970-1971, Alexander von Humboldt scholar at the Institute of Systematics and Geobotany of the University of G\u00f6ttingen;<\/li>\n<li>1985-1986, Alexander von Humboldt scholar at the Institute of Forestry of Baden-W\u00fcrttemberg.<\/li>\n<\/ul>\n<p>He published as a sole author, main author, or co-author over 250 scientific papers, including 2 treatises (Forest Ecology, 1978; Ecosystem-Based Forestry, 1997), 30 books or book chapters, 12 of which were published by foreign publishers, 15 maps, 2 of which were published by foreign publishers, and 8 manuals or best practice guides. Over 200 of his scientific articles, many of which were published in foreign journals.<\/p>\n<p>In over six decades of scientific activity, Professor Dr. Engineer Nicolae Doni\u0163\u0103 has developed and distinguished himself as a prominent personality in the field of forestry sciences, a pioneer, school founder and trainer of specialists, has made and continues to make fundamental contributions to the growth and development of forestry science in our country, in areas of great importance such as: forest ecology, phytocenology, forest typology, forest cartography, forest biodiversity, and its conservation.<\/p>\n<p>Source: <a href=\"http:\/\/www.bucovina-forestiera.ro\/index.php\/bf\/article\/view\/95\" target=\"_blank\" rel=\"noopener\">Bucovina Forestier\u0103<\/a><\/p>\n<\/div><\/div><\/div><\/div><\/div><\/div><\/div><\/section>\n","protected":false},"excerpt":{"rendered":"Nicolae Doni\u0163\u0103 was born in Chi\u015fin\u0103u on November 20, 1929, into a family of intellectuals (his grandfather was a priest in Hiri\u015feni, then in R\u0103ciula, and his father, Boris Doni\u0163\u0103, was a judge and later a lawyer at the C\u0103l\u0103ra\u015fi Court). He attended primary school in his hometown, and after 1940, when Romania was forced...","protected":false},"author":1,"featured_media":0,"parent":0,"menu_order":0,"comment_status":"closed","ping_status":"closed","template":"","meta":{"footnotes":""},"class_list":["post-257","page","type-page","status-publish","hentry"],"_links":{"self":[{"href":"https:\/\/www.nicolaedonita.ro\/en\/wp-json\/wp\/v2\/pages\/257"}],"collection":[{"href":"https:\/\/www.nicolaedonita.ro\/en\/wp-json\/wp\/v2\/pages"}],"about":[{"href":"https:\/\/www.nicolaedonita.ro\/en\/wp-json\/wp\/v2\/types\/page"}],"author":[{"embeddable":true,"href":"https:\/\/www.nicolaedonita.ro\/en\/wp-json\/wp\/v2\/users\/1"}],"replies":[{"embeddable":true,"href":"https:\/\/www.nicolaedonita.ro\/en\/wp-json\/wp\/v2\/comments?post=257"}],"version-history":[{"count":4,"href":"https:\/\/www.nicolaedonita.ro\/en\/wp-json\/wp\/v2\/pages\/257\/revisions"}],"predecessor-version":[{"id":288,"href":"https:\/\/www.nicolaedonita.ro\/en\/wp-json\/wp\/v2\/pages\/257\/revisions\/288"}],"wp:attachment":[{"href":"https:\/\/www.nicolaedonita.ro\/en\/wp-json\/wp\/v2\/media?parent=257"}],"curies":[{"name":"wp","href":"https:\/\/api.w.org\/{rel}","templated":true}]}}