{"id":300,"date":"2025-10-18T22:13:35","date_gmt":"2025-10-18T19:13:35","guid":{"rendered":"https:\/\/www.nicolaedonita.ro\/?page_id=300"},"modified":"2025-12-07T21:29:14","modified_gmt":"2025-12-07T19:29:14","slug":"about","status":"publish","type":"page","link":"https:\/\/www.nicolaedonita.ro\/en\/about\/","title":{"rendered":"About"},"content":{"rendered":"<section class=\"l-section wpb_row height_medium width_custom with_img parallax_fixed\" style=\"--site-content-width:900px;\"><div class=\"l-section-img\" role=\"img\" data-img-width=\"1920\" data-img-height=\"1080\" style=\"background-image: url(https:\/\/www.nicolaedonita.ro\/wp-content\/uploads\/2024\/11\/site_bkg_13.jpg);background-position: top center;background-repeat: no-repeat;background-size: contain;\"><\/div><div class=\"l-section-h i-cf\"><div class=\"g-cols vc_row via_flex valign_top type_default stacking_default\"><div class=\"vc_col-sm-12 wpb_column vc_column_container\"><div class=\"vc_column-inner\"><div class=\"wpb_wrapper\"><div class=\"wpb_text_column us_custom_6187a5cd\"><div class=\"wpb_wrapper\"><p>Nicolae Doni\u021b\u0103, forestry engineer, Doctor of Forestry, and member of the Academy of Agricultural and Forestry Sciences of Romania, was born in Chi\u0219in\u0103u (Bessarabia) on November 20, 1929. He attended primary school in his hometown. In 1940 and in 1944, he took refuge with his family from Bessarabia. He continued high school in Turda and then studied forestry at the Forestry Institute in Bra\u0219ov, becoming a forestry engineer in 1955.<\/p>\n<p>After a one-year internship at the Sebi\u0219 Forest District in Arad County, he was hired in 1956 by the Forestry Research Group of the Romanian Academy, upon the recommendation of his former Botany professor, C.C. Georgescu, a well-known scientist and Academy member. He began his career under the guidance of Professor Sergiu Pa\u0219covschi, who had described the forest types of Romania.<br \/>\nFrom the very beginning, he became involved in two major research programs: the development of the geobotanical map for the first Geography Treatise of Romania (published in 1960 and 1961) and the description of the woody vegetation of Romania\u2019s forest-steppe (S. Pa\u0219covschi, N. Doni\u021b\u0103 1967).<\/p>\n<p>After the Forestry Research Group was incorporated into the new Institute of Biology of the Academy and the Ecology Laboratory was established, he worked in this laboratory under the guidance of specialists of high scientific standing: Alice S\u0103vulescu, Nicolae S\u0103l\u0103geanu, C.C. Georgescu, Grigore Eliescu, Ion Popescu-Zeletin , all members of the Academy, and Ana Pauc\u0103.<br \/>\nIn 1959, a program of complex ecological research in forest ecosystems of the Babadag Plateau (Dobrogea) was initiated, in which Nicolae Doni\u021b\u0103 also participated alongside a large team of researchers from the Institute. This took place even before the start of research under the International Biological Program. The studies lasted six years and were later extended to other areas. The results were published in 1970, 1971, 1979, and 1985 in monographs and numerous articles.<\/p>\n<p>Using the results of these studies, Nicolae Doni\u021b\u0103 prepared his doctoral thesis titled \u201cGeobotanical and Silvicultural Research in the Oak\u2013Hornbeam Forests of the Babadag Plateau,\u201d under the supervision of Professor Emil Negulescu, and obtained the title of Doctor of Forestry from the Faculty of Forestry in Bra\u0219ov in 1970. In the same year, he applied for and received a research scholarship from the Alexander von Humboldt Foundation in the Federal Republic of Germany, specializing in Ecology and Physiology at the University of G\u00f6ttingen in 1970\u20131971, under the guidance of Europe\u2019s most distinguished ecologist and phytocenologist, Professor H. Ellenberg.<\/p>\n<p>In 1971, he participated in a scientific ecology conference where he presented a paper and encountered two leading ecologists: R. Whittaker from the USA and P. Duvigneaud from Belgium. In that same year, he also took part in the 15th International Phytogeographical Expedition in Greece, where he met many European specialists, among them Professor H. Walter from Germany, author of the major work <em>Vegetation of the Earth<\/em>, and Professor P. Ozenda from France, author of a vegetation map of Europe.<\/p>\n<p>Upon returning to the country, he found that he had been transferred, along with his forestry colleagues Constantin B\u00e2ndiu, Vasile Mocanu, and Vasile Tutunaru, from the Institute of Biology of the Academy to the Institute of Forestry Research and Planning in Bucharest. At this institute, a Forest Ecology Laboratory was established. From 1975, Nicolae Doni\u021b\u0103 led this laboratory for 22 years, until his retirement in 1997.<\/p>\n<p>Setting aside the various organizational changes that occurred in this institute, the most important achievements in ecological and phytogeographical research during this quarter-century in this laboratory will be highlighted.<\/p>\n<h4>Development of Vegetation and Forest Cartography<\/h4>\n<p>Following the two geobotanical maps (1960, 1961), Nicolae Doni\u021b\u0103 prepared two additional vegetation maps: one for the Atlas of Romania (1976) and one for the volume <em>Vegetation of Romania<\/em> (1992); four forest maps (1975, 1980, 1981, 1987); and two general maps of Romania\u2019s forests (1996, 2008). He also contributed through the publication of several articles in scientific journals.<\/p>\n<p>The most recent forest map, by ecosystem units (2008), has had and continues to have a complex application by establishing the geospatial and digital foundation of forests, with multiple uses in forest management, land-use planning, biodiversity conservation, wildlife management, and more.<\/p>\n<p>However, Nicolae Doni\u021b\u0103\u2019s greatest contribution to the development of vegetation cartography was his participation in creating the vegetation map of Europe, on which he worked between 1979 and 2000. He also contributed by including Romania\u2019s vegetation in this map and by describing, in collaboration with other specialists, two major vegetation units: the thermophilous oak forests and the forest-steppe (U. Bohn, N. Doni\u021b\u0103 et al., 2000; N. Doni\u021b\u0103 et al., 2003).<\/p>\n<p>For his contributions in the fields of vegetation and forest cartography, N. Doni\u021b\u0103 was awarded the title of Doctor Honoris Causa by the Mihai I University of Life Sciences and Veterinary Medicine in Timi\u0219oara in 2014.<\/p>\n<h4>Ecological and Geographical Foundations of Forest Management in Romania<\/h4>\n<p>The first step in establishing this foundation was the preparation and publication of the treatise of Forest Ecology (N. Doni\u021b\u0103, I. Ceianu, S. Purcelean, A. Beldie, 1977), aimed at providing ecological information to foresters. This treatise was later also used in student training programs.<\/p>\n<p>A research program was initiated for the zoning and regionalization of Romania\u2019s forests, carried out by a large team of researchers from the institute as well as from other institutes (N. Doni\u021b\u0103 et al., 1980). Numerous scientific data were used, and a detailed map was developed (N. Doni\u021b\u0103, 1980).<\/p>\n<p>In another program, the types of forest ecosystems in Romania were described as ecological work objects for foresters (N. Doni\u021b\u0103, C. Chiri\u021b\u0103, V. St\u0103nescu et al., 1990).<\/p>\n<p>A treatise on ecosystem-based forestry was also prepared (I. Vlad, C. Chiri\u021b\u0103, N. Doni\u021b\u0103, L. Petrescu, 1997), detailing ecologically grounded management measures.<\/p>\n<p>Using his second Humboldt Foundation scholarship (1984\u20131985), he studied the technology for producing high-quality oak timber in several forest districts in Germany and France (N. Doni\u021b\u0103, 1987).<\/p>\n<h4>Conservation of Forest Biodiversity and Other Vegetation Formations<\/h4>\n<p>Following an inventory of existing forest reserves in 1987\u20131988, N. Doni\u021b\u0103 and other researchers worked on the establishment of the first 13 national parks (1991\u20131992).<\/p>\n<p>He contributed to the identification of high conservation value forests (E. Stanciu, N. Doni\u021b\u0103 et al., 2003) and to the field identification of virgin forests (2003\u20132004), the guide for their ecological selection and evaluation (S. Radu, N. Doni\u021b\u0103 et al., 2004), and their inventory as well as management and protection strategies (I. Biri\u0219, P. Veen, N. Doni\u021b\u0103 et al., 2005).<\/p>\n<p>In collaboration with fellow biologists, he described habitats in Romania (N. Doni\u021b\u0103, A. Popescu, S. Mih\u0103ilescu, M. Pauc\u0103, 2005) and the vegetation of M\u0103cin Mountains National Park (A. Popescu, N. Doni\u021b\u0103, 2013).<\/p>\n<p>For his contributions to biodiversity conservation, he was awarded the title of Doctor Honoris Causa by \u0218tefan cel Mare University of Suceava in 2011.<\/p>\n<h4>Other Activities<\/h4>\n<p>Between 1992 and 1994, he worked as a typology specialist on the forest management plans of the Republic of Moldova and described several forest types (N. Doni\u021b\u0103, T. Ivanschi, 1994). He also collaborated on a research program concerning these types (N. Doni\u021b\u0103 et al., 2007).<\/p>\n<p>For these contributions, as well as for his cooperation in training highly qualified specialists, he was awarded the Dimitrie Cantemir Medal by the Academy of Sciences of the Republic of Moldova.<\/p>\n<p>At the invitation of Professor S. Pedrotti, director of the Institute of Botany and Ecology at the University of Camerino, Italy, Nicolae Doni\u021b\u0103, together with his wife Dr. Doina Ivan, studied plant populations in the meadows of the Apennines and Alps (D. Ivan, N. Doni\u021b\u0103 et al., 1994; N. Doni\u021b\u0103, D. Ivan, F. Pedrotti, 2003).<\/p>\n<h4>Teaching Activities<\/h4>\n<p>Between 1990 and 2009, Nicolae Doni\u021b\u0103 developed and taught courses in Ecology and Forest Geography, Dendrology, History of Forests and Forestry, Phytocenology, and Forest Cultivation at the Universities of Bucharest, Oradea, Arad, and Timi\u0219oara.<\/p>\n<p>At the Faculty of Forestry in Bra\u0219ov, he supervised the training of 14 doctoral students in forestry.<\/p>\n<h4>Publications<\/h4>\n<p>Nicolae Doni\u021b\u0103 published over 250 scientific works as sole author or co-author, including 55 publications abroad. His works include 2 treatises, 14 monographs, 9 maps, 19 book chapters, 9 university courses, 30 manuals and technical guides, 8 papers presented at international conferences and congresses, and numerous articles in scientific journals.<\/p>\n<p>For six works in which he was a co-author, he received awards from the Romanian Academy.<\/p>\n<p>He participated with scientific papers in many events both in Romania and abroad, and in three world congresses \u2014 Apiculture in Bucharest (1964), Ecology in Yokohama (1990), and World Forestry in Antalya (1996).<\/p>\n<p>In 2023, Nicolae Doni\u021b\u0103 was awarded, for his entire scientific and teaching career, the title of Doctor Honoris Causa by Transilvania University of Bra\u0219ov.<\/p>\n<p>Since 2016, he has been engaged in clarifying theoretical problems in Systemic Ecology in collaboration with the biologist Professor Dr. S. Godeanu.<\/p>\n<\/div><\/div><\/div><\/div><\/div><\/div><\/div><\/section>\n","protected":false},"excerpt":{"rendered":"Nicolae Doni\u021b\u0103, forestry engineer, Doctor of Forestry, and member of the Academy of Agricultural and Forestry Sciences of Romania, was born in Chi\u0219in\u0103u (Bessarabia) on November 20, 1929. He attended primary school in his hometown. In 1940 and in 1944, he took refuge with his family from Bessarabia. He continued high school in Turda and...","protected":false},"author":1,"featured_media":0,"parent":0,"menu_order":0,"comment_status":"closed","ping_status":"closed","template":"","meta":{"footnotes":""},"class_list":["post-300","page","type-page","status-publish","hentry"],"_links":{"self":[{"href":"https:\/\/www.nicolaedonita.ro\/en\/wp-json\/wp\/v2\/pages\/300"}],"collection":[{"href":"https:\/\/www.nicolaedonita.ro\/en\/wp-json\/wp\/v2\/pages"}],"about":[{"href":"https:\/\/www.nicolaedonita.ro\/en\/wp-json\/wp\/v2\/types\/page"}],"author":[{"embeddable":true,"href":"https:\/\/www.nicolaedonita.ro\/en\/wp-json\/wp\/v2\/users\/1"}],"replies":[{"embeddable":true,"href":"https:\/\/www.nicolaedonita.ro\/en\/wp-json\/wp\/v2\/comments?post=300"}],"version-history":[{"count":3,"href":"https:\/\/www.nicolaedonita.ro\/en\/wp-json\/wp\/v2\/pages\/300\/revisions"}],"predecessor-version":[{"id":373,"href":"https:\/\/www.nicolaedonita.ro\/en\/wp-json\/wp\/v2\/pages\/300\/revisions\/373"}],"wp:attachment":[{"href":"https:\/\/www.nicolaedonita.ro\/en\/wp-json\/wp\/v2\/media?parent=300"}],"curies":[{"name":"wp","href":"https:\/\/api.w.org\/{rel}","templated":true}]}}